{"id":867,"date":"2020-05-18T15:07:19","date_gmt":"2020-05-18T13:07:19","guid":{"rendered":"https:\/\/viatasicantec.ro\/?page_id=867"},"modified":"2020-07-14T15:25:07","modified_gmt":"2020-07-14T13:25:07","slug":"doarpentrutine","status":"publish","type":"page","link":"https:\/\/viatasicantec.ro\/en\/doarpentrutine\/","title":{"rendered":"just for you"},"content":{"rendered":"\n<figure class=\"wp-block-image size-large is-style-default\"><img data-recalc-dims=\"1\" loading=\"lazy\" decoding=\"async\" width=\"840\" height=\"560\" data-attachment-id=\"2324\" data-permalink=\"https:\/\/viatasicantec.ro\/en\/?attachment_id=2324\" data-orig-file=\"https:\/\/i0.wp.com\/viatasicantec.ro\/wp-content\/uploads\/2020\/07\/pagina-doar-pt-tine-en-scaled.jpg?fit=2560%2C1707&amp;ssl=1\" data-orig-size=\"2560,1707\" data-comments-opened=\"1\" data-image-meta=\"{&quot;aperture&quot;:&quot;0&quot;,&quot;credit&quot;:&quot;&quot;,&quot;camera&quot;:&quot;&quot;,&quot;caption&quot;:&quot;&quot;,&quot;created_timestamp&quot;:&quot;0&quot;,&quot;copyright&quot;:&quot;&quot;,&quot;focal_length&quot;:&quot;0&quot;,&quot;iso&quot;:&quot;0&quot;,&quot;shutter_speed&quot;:&quot;0&quot;,&quot;title&quot;:&quot;&quot;,&quot;orientation&quot;:&quot;0&quot;}\" data-image-title=\"pagina-doar-pt-tine-en\" data-image-description=\"\" data-image-caption=\"\" data-large-file=\"https:\/\/i0.wp.com\/viatasicantec.ro\/wp-content\/uploads\/2020\/07\/pagina-doar-pt-tine-en-scaled.jpg?fit=840%2C560&amp;ssl=1\" src=\"https:\/\/i0.wp.com\/viatasicantec.ro\/wp-content\/uploads\/2020\/07\/pagina-doar-pt-tine-en-1024x683.jpg?resize=840%2C560&#038;ssl=1\" alt=\"\" class=\"wp-image-2324\" srcset=\"https:\/\/i0.wp.com\/viatasicantec.ro\/wp-content\/uploads\/2020\/07\/pagina-doar-pt-tine-en-scaled.jpg?resize=1024%2C683&amp;ssl=1 1024w, https:\/\/i0.wp.com\/viatasicantec.ro\/wp-content\/uploads\/2020\/07\/pagina-doar-pt-tine-en-scaled.jpg?resize=300%2C200&amp;ssl=1 300w, https:\/\/i0.wp.com\/viatasicantec.ro\/wp-content\/uploads\/2020\/07\/pagina-doar-pt-tine-en-scaled.jpg?resize=768%2C512&amp;ssl=1 768w, https:\/\/i0.wp.com\/viatasicantec.ro\/wp-content\/uploads\/2020\/07\/pagina-doar-pt-tine-en-scaled.jpg?resize=1536%2C1024&amp;ssl=1 1536w, https:\/\/i0.wp.com\/viatasicantec.ro\/wp-content\/uploads\/2020\/07\/pagina-doar-pt-tine-en-scaled.jpg?resize=2048%2C1366&amp;ssl=1 2048w, https:\/\/i0.wp.com\/viatasicantec.ro\/wp-content\/uploads\/2020\/07\/pagina-doar-pt-tine-en-scaled.jpg?resize=1000%2C667&amp;ssl=1 1000w, https:\/\/i0.wp.com\/viatasicantec.ro\/wp-content\/uploads\/2020\/07\/pagina-doar-pt-tine-en-scaled.jpg?resize=450%2C300&amp;ssl=1 450w, https:\/\/i0.wp.com\/viatasicantec.ro\/wp-content\/uploads\/2020\/07\/pagina-doar-pt-tine-en-scaled.jpg?resize=1320%2C880&amp;ssl=1 1320w, https:\/\/i0.wp.com\/viatasicantec.ro\/wp-content\/uploads\/2020\/07\/pagina-doar-pt-tine-en-scaled.jpg?w=1680&amp;ssl=1 1680w, https:\/\/i0.wp.com\/viatasicantec.ro\/wp-content\/uploads\/2020\/07\/pagina-doar-pt-tine-en-scaled.jpg?w=2520&amp;ssl=1 2520w\" sizes=\"auto, (max-width: 840px) 100vw, 840px\" \/><\/figure>\n\n\n\n<p class=\"has-text-align-justify\">You&#8217;ve probably wondered what it can be just for you, haven&#8217;t you? <\/p>\n\n\n\n<p class=\"has-text-align-justify\">Well, we were thinking of wishing you &#8220;Happy Birthday!&#8221; for your birthday, in the most original form possible for us, just for you!<\/p>\n\n\n\n<p class=\"has-text-align-justify\">For this we need you to tell us when is your birthday, what is your name and an email address or a phone number where to send you our surprise. <\/p>\n\n\n\n<p class=\"has-text-align-justify\">If you want (after celebrating your birthday) you can even send us a picture of your birthday, together with your friends and \/ or family. And we will post, on our blog, the most pretty ones. <\/p>\n\n\n\n<p class=\"has-text-align-justify\">You can send us all this through the form below or on our email address sclipiride@viatasicantec.ro and we will add your birthday to our calendar.<\/p>\n\n\n\n<p class=\"has-text-align-justify\"> We hope you enjoy the idea as much as we love it \ud83d\ude42<\/p>\n\n\n\n<hr class=\"wp-block-separator is-style-dots\"\/>\n\n\n\n<p>With joy,<br>Oana and the happy dwarfs<\/p>\n","protected":false},"excerpt":{"rendered":"<p>You&#8217;ve probably wondered what it can be just for you, haven&#8217;t you? Well, we were thinking of wishing you &#8220;Happy Birthday!&#8221; for your birthday, in the most original form possible for us, just for you! For this we need you to tell us when is your birthday, what is your name and an email address [&hellip;]<\/p>\n","protected":false},"author":2,"featured_media":0,"parent":0,"menu_order":0,"comment_status":"open","ping_status":"closed","template":"","meta":{"footnotes":""},"class_list":["post-867","page","type-page","status-publish","hentry"],"yoast_head":"<!-- This site is optimized with the Yoast SEO plugin v27.4 - https:\/\/yoast.com\/product\/yoast-seo-wordpress\/ -->\n<title>just for you<\/title>\n<meta name=\"description\" content=\"Ei bine, ne g\u00e2ndeam s\u0103 \u00ee\u021bi ur\u0103m \u201dLa multi ani!\u201d de ziua ta, \u00eentr-o forma c\u00e2t mai original\u0103, doar pentru tine!\" \/>\n<meta name=\"robots\" content=\"index, follow, max-snippet:-1, max-image-preview:large, max-video-preview:-1\" \/>\n<link rel=\"canonical\" href=\"https:\/\/viatasicantec.ro\/en\/doarpentrutine\/\" \/>\n<meta property=\"og:locale\" content=\"en_US\" \/>\n<meta property=\"og:locale:alternate\" content=\"ro_RO\" \/>\n<meta property=\"og:type\" content=\"article\" \/>\n<meta property=\"og:title\" content=\"just for you\" \/>\n<meta property=\"og:description\" content=\"Ei bine, ne g\u00e2ndeam s\u0103 \u00ee\u021bi ur\u0103m \u201dLa multi ani!\u201d de ziua ta, \u00eentr-o forma c\u00e2t mai original\u0103, doar pentru tine!\" \/>\n<meta property=\"og:url\" content=\"https:\/\/viatasicantec.ro\/en\/doarpentrutine\/\" \/>\n<meta property=\"og:site_name\" content=\"via\u021b\u0103 \u0219i c\u00e2ntec\" \/>\n<meta property=\"article:modified_time\" content=\"2020-07-14T13:25:07+00:00\" \/>\n<meta property=\"og:image\" content=\"https:\/\/viatasicantec.ro\/wp-content\/uploads\/2020\/07\/pagina-doar-pt-tine-en-1024x683.jpg\" \/>\n<meta name=\"twitter:label1\" content=\"Est. reading time\" \/>\n\t<meta name=\"twitter:data1\" content=\"2 minutes\" \/>\n<script type=\"application\/ld+json\" class=\"yoast-schema-graph\">{\"@context\":\"https:\\\/\\\/schema.org\",\"@graph\":[{\"@type\":\"WebPage\",\"@id\":\"https:\\\/\\\/viatasicantec.ro\\\/doarpentrutine\\\/\",\"url\":\"https:\\\/\\\/viatasicantec.ro\\\/doarpentrutine\\\/\",\"name\":\"just for you\",\"isPartOf\":{\"@id\":\"https:\\\/\\\/viatasicantec.ro\\\/en\\\/#website\"},\"primaryImageOfPage\":{\"@id\":\"https:\\\/\\\/viatasicantec.ro\\\/doarpentrutine\\\/#primaryimage\"},\"image\":{\"@id\":\"https:\\\/\\\/viatasicantec.ro\\\/doarpentrutine\\\/#primaryimage\"},\"thumbnailUrl\":\"https:\\\/\\\/viatasicantec.ro\\\/wp-content\\\/uploads\\\/2020\\\/07\\\/pagina-doar-pt-tine-en-1024x683.jpg\",\"datePublished\":\"2020-05-18T13:07:19+00:00\",\"dateModified\":\"2020-07-14T13:25:07+00:00\",\"description\":\"Ei bine, ne g\u00e2ndeam s\u0103 \u00ee\u021bi ur\u0103m \u201dLa multi ani!\u201d de ziua ta, \u00eentr-o forma c\u00e2t mai original\u0103, doar pentru tine!\",\"breadcrumb\":{\"@id\":\"https:\\\/\\\/viatasicantec.ro\\\/doarpentrutine\\\/#breadcrumb\"},\"inLanguage\":\"en-US\",\"potentialAction\":[{\"@type\":\"ReadAction\",\"target\":[\"https:\\\/\\\/viatasicantec.ro\\\/doarpentrutine\\\/\"]}]},{\"@type\":\"ImageObject\",\"inLanguage\":\"en-US\",\"@id\":\"https:\\\/\\\/viatasicantec.ro\\\/doarpentrutine\\\/#primaryimage\",\"url\":\"https:\\\/\\\/viatasicantec.ro\\\/wp-content\\\/uploads\\\/2020\\\/07\\\/pagina-doar-pt-tine-en-1024x683.jpg\",\"contentUrl\":\"https:\\\/\\\/viatasicantec.ro\\\/wp-content\\\/uploads\\\/2020\\\/07\\\/pagina-doar-pt-tine-en-1024x683.jpg\"},{\"@type\":\"BreadcrumbList\",\"@id\":\"https:\\\/\\\/viatasicantec.ro\\\/doarpentrutine\\\/#breadcrumb\",\"itemListElement\":[{\"@type\":\"ListItem\",\"position\":1,\"name\":\"Prima pagin\u0103\",\"item\":\"https:\\\/\\\/viatasicantec.ro\\\/en\\\/\"},{\"@type\":\"ListItem\",\"position\":2,\"name\":\"doar pentru tine\"}]},{\"@type\":\"WebSite\",\"@id\":\"https:\\\/\\\/viatasicantec.ro\\\/en\\\/#website\",\"url\":\"https:\\\/\\\/viatasicantec.ro\\\/en\\\/\",\"name\":\"via\u021b\u0103 \u0219i c\u00e2ntec\",\"description\":\"for big and small, for mind and soul\u2026 for life and song\",\"publisher\":{\"@id\":\"https:\\\/\\\/viatasicantec.ro\\\/en\\\/#\\\/schema\\\/person\\\/72d895d541821c6ab63cf21ed672d70a\"},\"potentialAction\":[{\"@type\":\"SearchAction\",\"target\":{\"@type\":\"EntryPoint\",\"urlTemplate\":\"https:\\\/\\\/viatasicantec.ro\\\/en\\\/?s={search_term_string}\"},\"query-input\":{\"@type\":\"PropertyValueSpecification\",\"valueRequired\":true,\"valueName\":\"search_term_string\"}}],\"inLanguage\":\"en-US\"},{\"@type\":[\"Person\",\"Organization\"],\"@id\":\"https:\\\/\\\/viatasicantec.ro\\\/en\\\/#\\\/schema\\\/person\\\/72d895d541821c6ab63cf21ed672d70a\",\"name\":\"Oana\",\"image\":{\"@type\":\"ImageObject\",\"inLanguage\":\"en-US\",\"@id\":\"https:\\\/\\\/i2.wp.com\\\/viatasicantec.ro\\\/wp-content\\\/uploads\\\/2020\\\/05\\\/iconita-1.png?fit=1063%2C1063&ssl=1\",\"url\":\"https:\\\/\\\/i2.wp.com\\\/viatasicantec.ro\\\/wp-content\\\/uploads\\\/2020\\\/05\\\/iconita-1.png?fit=1063%2C1063&ssl=1\",\"contentUrl\":\"https:\\\/\\\/i2.wp.com\\\/viatasicantec.ro\\\/wp-content\\\/uploads\\\/2020\\\/05\\\/iconita-1.png?fit=1063%2C1063&ssl=1\",\"width\":1063,\"height\":1063,\"caption\":\"Oana\"},\"logo\":{\"@id\":\"https:\\\/\\\/i2.wp.com\\\/viatasicantec.ro\\\/wp-content\\\/uploads\\\/2020\\\/05\\\/iconita-1.png?fit=1063%2C1063&ssl=1\"}}]}<\/script>\n<!-- \/ Yoast SEO plugin. -->","yoast_head_json":{"title":"just for you","description":"Ei bine, ne g\u00e2ndeam s\u0103 \u00ee\u021bi ur\u0103m \u201dLa multi ani!\u201d de ziua ta, \u00eentr-o forma c\u00e2t mai original\u0103, doar pentru tine!","robots":{"index":"index","follow":"follow","max-snippet":"max-snippet:-1","max-image-preview":"max-image-preview:large","max-video-preview":"max-video-preview:-1"},"canonical":"https:\/\/viatasicantec.ro\/en\/doarpentrutine\/","og_locale":"en_US","og_type":"article","og_title":"[:en]just for you[:ro]doar pentru tine[:] - via\u021b\u0103 \u0219i c\u00e2ntec","og_description":"Ei bine, ne g\u00e2ndeam s\u0103 \u00ee\u021bi ur\u0103m \u201dLa multi ani!\u201d de ziua ta, \u00eentr-o forma c\u00e2t mai original\u0103, doar pentru tine!","og_url":"https:\/\/viatasicantec.ro\/en\/doarpentrutine\/","og_site_name":"via\u021b\u0103 \u0219i c\u00e2ntec","article_modified_time":"2020-07-14T13:25:07+00:00","og_image":[{"url":"https:\/\/viatasicantec.ro\/wp-content\/uploads\/2020\/07\/pagina-doar-pt-tine-en-1024x683.jpg","type":"","width":"","height":""}],"twitter_misc":{"Est. reading time":"2 minutes"},"schema":{"@context":"https:\/\/schema.org","@graph":[{"@type":"WebPage","@id":"https:\/\/viatasicantec.ro\/doarpentrutine\/","url":"https:\/\/viatasicantec.ro\/doarpentrutine\/","name":"just for you","isPartOf":{"@id":"https:\/\/viatasicantec.ro\/en\/#website"},"primaryImageOfPage":{"@id":"https:\/\/viatasicantec.ro\/doarpentrutine\/#primaryimage"},"image":{"@id":"https:\/\/viatasicantec.ro\/doarpentrutine\/#primaryimage"},"thumbnailUrl":"https:\/\/viatasicantec.ro\/wp-content\/uploads\/2020\/07\/pagina-doar-pt-tine-en-1024x683.jpg","datePublished":"2020-05-18T13:07:19+00:00","dateModified":"2020-07-14T13:25:07+00:00","description":"Ei bine, ne g\u00e2ndeam s\u0103 \u00ee\u021bi ur\u0103m \u201dLa multi ani!\u201d de ziua ta, \u00eentr-o forma c\u00e2t mai original\u0103, doar pentru tine!","breadcrumb":{"@id":"https:\/\/viatasicantec.ro\/doarpentrutine\/#breadcrumb"},"inLanguage":"en-US","potentialAction":[{"@type":"ReadAction","target":["https:\/\/viatasicantec.ro\/doarpentrutine\/"]}]},{"@type":"ImageObject","inLanguage":"en-US","@id":"https:\/\/viatasicantec.ro\/doarpentrutine\/#primaryimage","url":"https:\/\/viatasicantec.ro\/wp-content\/uploads\/2020\/07\/pagina-doar-pt-tine-en-1024x683.jpg","contentUrl":"https:\/\/viatasicantec.ro\/wp-content\/uploads\/2020\/07\/pagina-doar-pt-tine-en-1024x683.jpg"},{"@type":"BreadcrumbList","@id":"https:\/\/viatasicantec.ro\/doarpentrutine\/#breadcrumb","itemListElement":[{"@type":"ListItem","position":1,"name":"Prima pagin\u0103","item":"https:\/\/viatasicantec.ro\/en\/"},{"@type":"ListItem","position":2,"name":"doar pentru tine"}]},{"@type":"WebSite","@id":"https:\/\/viatasicantec.ro\/en\/#website","url":"https:\/\/viatasicantec.ro\/en\/","name":"via\u021b\u0103 \u0219i c\u00e2ntec","description":"for big and small, for mind and soul\u2026 for life and song","publisher":{"@id":"https:\/\/viatasicantec.ro\/en\/#\/schema\/person\/72d895d541821c6ab63cf21ed672d70a"},"potentialAction":[{"@type":"SearchAction","target":{"@type":"EntryPoint","urlTemplate":"https:\/\/viatasicantec.ro\/en\/?s={search_term_string}"},"query-input":{"@type":"PropertyValueSpecification","valueRequired":true,"valueName":"search_term_string"}}],"inLanguage":"en-US"},{"@type":["Person","Organization"],"@id":"https:\/\/viatasicantec.ro\/en\/#\/schema\/person\/72d895d541821c6ab63cf21ed672d70a","name":"Oana","image":{"@type":"ImageObject","inLanguage":"en-US","@id":"https:\/\/i2.wp.com\/viatasicantec.ro\/wp-content\/uploads\/2020\/05\/iconita-1.png?fit=1063%2C1063&ssl=1","url":"https:\/\/i2.wp.com\/viatasicantec.ro\/wp-content\/uploads\/2020\/05\/iconita-1.png?fit=1063%2C1063&ssl=1","contentUrl":"https:\/\/i2.wp.com\/viatasicantec.ro\/wp-content\/uploads\/2020\/05\/iconita-1.png?fit=1063%2C1063&ssl=1","width":1063,"height":1063,"caption":"Oana"},"logo":{"@id":"https:\/\/i2.wp.com\/viatasicantec.ro\/wp-content\/uploads\/2020\/05\/iconita-1.png?fit=1063%2C1063&ssl=1"}}]}},"jetpack_sharing_enabled":true,"jetpack-related-posts":[{"id":2309,"url":"https:\/\/viatasicantec.ro\/en\/who-are-we\/","url_meta":{"origin":867,"position":0},"title":"Who are we?!","author":"Oana","date":"14 July 2020","format":false,"excerpt":"[:en] Oana, 32 I live in an eternal antithesis, with a dreamy heart and a realistic, organized mind. Nothing seems more beautiful to me than the colors of God's world, in all its shades and shapes\u2026\u2026 the red poppies of May, the curly yellow of kid curls running towards me,\u2026","rel":"","context":"Similar post","block_context":{"text":"Similar post","link":""},"img":{"alt_text":"Oana profile picture","src":"https:\/\/i0.wp.com\/viatasicantec.ro\/wp-content\/uploads\/2020\/05\/oana-profil-6.jpg?resize=350%2C200&ssl=1","width":350,"height":200,"srcset":"https:\/\/i0.wp.com\/viatasicantec.ro\/wp-content\/uploads\/2020\/05\/oana-profil-6.jpg?resize=350%2C200&ssl=1 1x, https:\/\/i0.wp.com\/viatasicantec.ro\/wp-content\/uploads\/2020\/05\/oana-profil-6.jpg?resize=525%2C300&ssl=1 1.5x, https:\/\/i0.wp.com\/viatasicantec.ro\/wp-content\/uploads\/2020\/05\/oana-profil-6.jpg?resize=700%2C400&ssl=1 2x"},"classes":[]},{"id":799,"url":"https:\/\/viatasicantec.ro\/en\/cine-suntem-noi\/","url_meta":{"origin":867,"position":1},"title":"Who we are?!","author":"Oana","date":"18 May 2020","format":false,"excerpt":"[:ro] Oana, 33 Tr\u0103iesc \u00eentr-o ve\u0219nic\u0103 antitez\u0103, cu o inim\u0103 vis\u0103toare \u0219i o minte realist\u0103, organizat\u0103. Nimic nu mi se pare mai frumos dec\u00e2t culorile lumii lui Dumnezeu, \u00een toate nuan\u021bele \u0219i formele ei...\u2026ro\u0219ul macilor de mai, galbenul c\u00e2rlion\u021bat al buclelor de copil alerg\u00e2nd \u00eenspre mine, albastru cerului senin al\u2026","rel":"","context":"With 1 comment","block_context":{"text":"With 1 comment","link":"https:\/\/viatasicantec.ro\/en\/cine-suntem-noi\/#comments"},"img":{"alt_text":"Oana profile picture","src":"https:\/\/i0.wp.com\/viatasicantec.ro\/wp-content\/uploads\/2020\/05\/oana-profil-6.jpg?resize=350%2C200&ssl=1","width":350,"height":200,"srcset":"https:\/\/i0.wp.com\/viatasicantec.ro\/wp-content\/uploads\/2020\/05\/oana-profil-6.jpg?resize=350%2C200&ssl=1 1x, https:\/\/i0.wp.com\/viatasicantec.ro\/wp-content\/uploads\/2020\/05\/oana-profil-6.jpg?resize=525%2C300&ssl=1 1.5x, https:\/\/i0.wp.com\/viatasicantec.ro\/wp-content\/uploads\/2020\/05\/oana-profil-6.jpg?resize=700%2C400&ssl=1 2x"},"classes":[]},{"id":3,"url":"https:\/\/viatasicantec.ro\/en\/politica-de-confidentialitate\/","url_meta":{"origin":867,"position":2},"title":"Politic\u0103 de confiden\u021bialitate","author":"via\u021b\u0103 \u0219i c\u00e2ntec","date":"5 May 2020","format":false,"excerpt":"[:ro] Cine suntem Adresa blogului este: https:\/\/viatasicantec.ro., operat de Oana Draghicescu. Ce date personale colect\u0103m \u0219i de ce le colect\u0103m Comentarii C\u00e2nd vizitatorii las\u0103 comentarii pe blog, colect\u0103m datele ar\u0103tate \u00een formularele de comentarii, dar \u0219i adresa IP a vizitatorului \u0219i \u0219irul agen\u021bilor utilizator din navigator pentru a ne ajuta\u2026","rel":"","context":"Similar post","block_context":{"text":"Similar post","link":""},"img":{"alt_text":"","src":"","width":0,"height":0},"classes":[]}],"_links":{"self":[{"href":"https:\/\/viatasicantec.ro\/en\/wp-json\/wp\/v2\/pages\/867","targetHints":{"allow":["GET"]}}],"collection":[{"href":"https:\/\/viatasicantec.ro\/en\/wp-json\/wp\/v2\/pages"}],"about":[{"href":"https:\/\/viatasicantec.ro\/en\/wp-json\/wp\/v2\/types\/page"}],"author":[{"embeddable":true,"href":"https:\/\/viatasicantec.ro\/en\/wp-json\/wp\/v2\/users\/2"}],"replies":[{"embeddable":true,"href":"https:\/\/viatasicantec.ro\/en\/wp-json\/wp\/v2\/comments?post=867"}],"version-history":[{"count":9,"href":"https:\/\/viatasicantec.ro\/en\/wp-json\/wp\/v2\/pages\/867\/revisions"}],"predecessor-version":[{"id":2449,"href":"https:\/\/viatasicantec.ro\/en\/wp-json\/wp\/v2\/pages\/867\/revisions\/2449"}],"wp:attachment":[{"href":"https:\/\/viatasicantec.ro\/en\/wp-json\/wp\/v2\/media?parent=867"}],"curies":[{"name":"wp","href":"https:\/\/api.w.org\/{rel}","templated":true}]}}