{"id":1056,"date":"2020-05-22T20:22:12","date_gmt":"2020-05-22T18:22:12","guid":{"rendered":"https:\/\/viatasicantec.ro\/?page_id=1056"},"modified":"2020-05-22T20:22:12","modified_gmt":"2020-05-22T18:22:12","slug":"te-ai-abonat","status":"publish","type":"page","link":"https:\/\/viatasicantec.ro\/en\/te-ai-abonat\/","title":{"rendered":"Te-ai abonat"},"content":{"rendered":"\n<p>Da, te-am ad\u0103ugat \u00een lista noastr\u0103 de emailuri pentru noile articole. Vei auzi ve\u0219ti de la noi \u00een cur\u00e2nd.<\/p>\n\n\n\n<div class=\"wp-block-image is-style-default\"><figure class=\"aligncenter size-large\"><img data-recalc-dims=\"1\" loading=\"lazy\" decoding=\"async\" width=\"840\" height=\"560\" data-attachment-id=\"857\" data-permalink=\"https:\/\/viatasicantec.ro\/en\/noi-pt-mailul-de-bun-venit-3-2\/\" data-orig-file=\"https:\/\/i0.wp.com\/viatasicantec.ro\/wp-content\/uploads\/2020\/05\/noi-pt-mailul-de-bun-venit-3-1.jpg?fit=2508%2C1672&amp;ssl=1\" data-orig-size=\"2508,1672\" data-comments-opened=\"1\" data-image-meta=\"{&quot;aperture&quot;:&quot;0&quot;,&quot;credit&quot;:&quot;&quot;,&quot;camera&quot;:&quot;&quot;,&quot;caption&quot;:&quot;&quot;,&quot;created_timestamp&quot;:&quot;0&quot;,&quot;copyright&quot;:&quot;&quot;,&quot;focal_length&quot;:&quot;0&quot;,&quot;iso&quot;:&quot;0&quot;,&quot;shutter_speed&quot;:&quot;0&quot;,&quot;title&quot;:&quot;&quot;,&quot;orientation&quot;:&quot;0&quot;}\" data-image-title=\"noi viata si cantec\" data-image-description=\"\" data-image-caption=\"\" data-large-file=\"https:\/\/i0.wp.com\/viatasicantec.ro\/wp-content\/uploads\/2020\/05\/noi-pt-mailul-de-bun-venit-3-1.jpg?fit=840%2C560&amp;ssl=1\" src=\"https:\/\/i0.wp.com\/viatasicantec.ro\/wp-content\/uploads\/2020\/05\/noi-pt-mailul-de-bun-venit-3-1.jpg?resize=840%2C560&#038;ssl=1\" alt=\"\" class=\"wp-image-857\" srcset=\"https:\/\/i0.wp.com\/viatasicantec.ro\/wp-content\/uploads\/2020\/05\/noi-pt-mailul-de-bun-venit-3-1.jpg?resize=1024%2C683&amp;ssl=1 1024w, https:\/\/i0.wp.com\/viatasicantec.ro\/wp-content\/uploads\/2020\/05\/noi-pt-mailul-de-bun-venit-3-1.jpg?resize=300%2C200&amp;ssl=1 300w, https:\/\/i0.wp.com\/viatasicantec.ro\/wp-content\/uploads\/2020\/05\/noi-pt-mailul-de-bun-venit-3-1.jpg?resize=768%2C512&amp;ssl=1 768w, https:\/\/i0.wp.com\/viatasicantec.ro\/wp-content\/uploads\/2020\/05\/noi-pt-mailul-de-bun-venit-3-1.jpg?resize=1536%2C1024&amp;ssl=1 1536w, https:\/\/i0.wp.com\/viatasicantec.ro\/wp-content\/uploads\/2020\/05\/noi-pt-mailul-de-bun-venit-3-1.jpg?resize=2048%2C1365&amp;ssl=1 2048w, https:\/\/i0.wp.com\/viatasicantec.ro\/wp-content\/uploads\/2020\/05\/noi-pt-mailul-de-bun-venit-3-1.jpg?resize=1000%2C667&amp;ssl=1 1000w, https:\/\/i0.wp.com\/viatasicantec.ro\/wp-content\/uploads\/2020\/05\/noi-pt-mailul-de-bun-venit-3-1.jpg?resize=450%2C300&amp;ssl=1 450w, https:\/\/i0.wp.com\/viatasicantec.ro\/wp-content\/uploads\/2020\/05\/noi-pt-mailul-de-bun-venit-3-1.jpg?resize=1320%2C880&amp;ssl=1 1320w, https:\/\/i0.wp.com\/viatasicantec.ro\/wp-content\/uploads\/2020\/05\/noi-pt-mailul-de-bun-venit-3-1.jpg?w=1680&amp;ssl=1 1680w\" sizes=\"auto, (max-width: 840px) 100vw, 840px\" \/><\/figure><\/div>\n","protected":false},"excerpt":{"rendered":"<p>Da, te-am ad\u0103ugat \u00een lista noastr\u0103 de emailuri pentru noile articole. Vei auzi ve\u0219ti de la noi \u00een cur\u00e2nd.<\/p>\n","protected":false},"author":1,"featured_media":0,"parent":0,"menu_order":0,"comment_status":"closed","ping_status":"closed","template":"","meta":{"footnotes":""},"class_list":["post-1056","page","type-page","status-publish","hentry"],"yoast_head":"<!-- This site is optimized with the Yoast SEO plugin v27.5 - https:\/\/yoast.com\/product\/yoast-seo-wordpress\/ -->\n<title>Te-ai abonat - via\u021b\u0103 \u0219i c\u00e2ntec<\/title>\n<meta name=\"robots\" content=\"index, follow, max-snippet:-1, max-image-preview:large, max-video-preview:-1\" \/>\n<link rel=\"canonical\" href=\"https:\/\/viatasicantec.ro\/en\/te-ai-abonat\/\" \/>\n<meta property=\"og:locale\" content=\"en_US\" \/>\n<meta property=\"og:locale:alternate\" content=\"ro_RO\" \/>\n<meta property=\"og:type\" content=\"article\" \/>\n<meta property=\"og:title\" content=\"Te-ai abonat - via\u021b\u0103 \u0219i c\u00e2ntec\" \/>\n<meta property=\"og:description\" content=\"Da, te-am ad\u0103ugat \u00een lista noastr\u0103 de emailuri pentru noile articole. Vei auzi ve\u0219ti de la noi \u00een cur\u00e2nd.\" \/>\n<meta property=\"og:url\" content=\"https:\/\/viatasicantec.ro\/en\/te-ai-abonat\/\" \/>\n<meta property=\"og:site_name\" content=\"via\u021b\u0103 \u0219i c\u00e2ntec\" \/>\n<meta property=\"og:image\" content=\"https:\/\/viatasicantec.ro\/wp-content\/uploads\/2020\/05\/noi-pt-mailul-de-bun-venit-3-1-1024x683.jpg\" \/>\n<script type=\"application\/ld+json\" class=\"yoast-schema-graph\">{\"@context\":\"https:\\\/\\\/schema.org\",\"@graph\":[{\"@type\":\"WebPage\",\"@id\":\"https:\\\/\\\/viatasicantec.ro\\\/te-ai-abonat\\\/\",\"url\":\"https:\\\/\\\/viatasicantec.ro\\\/te-ai-abonat\\\/\",\"name\":\"Te-ai abonat - via\u021b\u0103 \u0219i c\u00e2ntec\",\"isPartOf\":{\"@id\":\"https:\\\/\\\/viatasicantec.ro\\\/en\\\/#website\"},\"primaryImageOfPage\":{\"@id\":\"https:\\\/\\\/viatasicantec.ro\\\/te-ai-abonat\\\/#primaryimage\"},\"image\":{\"@id\":\"https:\\\/\\\/viatasicantec.ro\\\/te-ai-abonat\\\/#primaryimage\"},\"thumbnailUrl\":\"https:\\\/\\\/viatasicantec.ro\\\/wp-content\\\/uploads\\\/2020\\\/05\\\/noi-pt-mailul-de-bun-venit-3-1-1024x683.jpg\",\"datePublished\":\"2020-05-22T18:22:12+00:00\",\"breadcrumb\":{\"@id\":\"https:\\\/\\\/viatasicantec.ro\\\/te-ai-abonat\\\/#breadcrumb\"},\"inLanguage\":\"en-US\",\"potentialAction\":[{\"@type\":\"ReadAction\",\"target\":[\"https:\\\/\\\/viatasicantec.ro\\\/te-ai-abonat\\\/\"]}]},{\"@type\":\"ImageObject\",\"inLanguage\":\"en-US\",\"@id\":\"https:\\\/\\\/viatasicantec.ro\\\/te-ai-abonat\\\/#primaryimage\",\"url\":\"https:\\\/\\\/viatasicantec.ro\\\/wp-content\\\/uploads\\\/2020\\\/05\\\/noi-pt-mailul-de-bun-venit-3-1-1024x683.jpg\",\"contentUrl\":\"https:\\\/\\\/viatasicantec.ro\\\/wp-content\\\/uploads\\\/2020\\\/05\\\/noi-pt-mailul-de-bun-venit-3-1-1024x683.jpg\"},{\"@type\":\"BreadcrumbList\",\"@id\":\"https:\\\/\\\/viatasicantec.ro\\\/te-ai-abonat\\\/#breadcrumb\",\"itemListElement\":[{\"@type\":\"ListItem\",\"position\":1,\"name\":\"Prima pagin\u0103\",\"item\":\"https:\\\/\\\/viatasicantec.ro\\\/en\\\/\"},{\"@type\":\"ListItem\",\"position\":2,\"name\":\"Te-ai abonat\"}]},{\"@type\":\"WebSite\",\"@id\":\"https:\\\/\\\/viatasicantec.ro\\\/en\\\/#website\",\"url\":\"https:\\\/\\\/viatasicantec.ro\\\/en\\\/\",\"name\":\"via\u021b\u0103 \u0219i c\u00e2ntec\",\"description\":\"for big and small, for mind and soul\u2026 for life and song\",\"publisher\":{\"@id\":\"https:\\\/\\\/viatasicantec.ro\\\/en\\\/#\\\/schema\\\/person\\\/72d895d541821c6ab63cf21ed672d70a\"},\"potentialAction\":[{\"@type\":\"SearchAction\",\"target\":{\"@type\":\"EntryPoint\",\"urlTemplate\":\"https:\\\/\\\/viatasicantec.ro\\\/en\\\/?s={search_term_string}\"},\"query-input\":{\"@type\":\"PropertyValueSpecification\",\"valueRequired\":true,\"valueName\":\"search_term_string\"}}],\"inLanguage\":\"en-US\"},{\"@type\":[\"Person\",\"Organization\"],\"@id\":\"https:\\\/\\\/viatasicantec.ro\\\/en\\\/#\\\/schema\\\/person\\\/72d895d541821c6ab63cf21ed672d70a\",\"name\":\"Oana\",\"image\":{\"@type\":\"ImageObject\",\"inLanguage\":\"en-US\",\"@id\":\"https:\\\/\\\/i2.wp.com\\\/viatasicantec.ro\\\/wp-content\\\/uploads\\\/2020\\\/05\\\/iconita-1.png?fit=1063%2C1063&ssl=1\",\"url\":\"https:\\\/\\\/i2.wp.com\\\/viatasicantec.ro\\\/wp-content\\\/uploads\\\/2020\\\/05\\\/iconita-1.png?fit=1063%2C1063&ssl=1\",\"contentUrl\":\"https:\\\/\\\/i2.wp.com\\\/viatasicantec.ro\\\/wp-content\\\/uploads\\\/2020\\\/05\\\/iconita-1.png?fit=1063%2C1063&ssl=1\",\"width\":1063,\"height\":1063,\"caption\":\"Oana\"},\"logo\":{\"@id\":\"https:\\\/\\\/i2.wp.com\\\/viatasicantec.ro\\\/wp-content\\\/uploads\\\/2020\\\/05\\\/iconita-1.png?fit=1063%2C1063&ssl=1\"}}]}<\/script>\n<!-- \/ Yoast SEO plugin. -->","yoast_head_json":{"title":"Te-ai abonat - via\u021b\u0103 \u0219i c\u00e2ntec","robots":{"index":"index","follow":"follow","max-snippet":"max-snippet:-1","max-image-preview":"max-image-preview:large","max-video-preview":"max-video-preview:-1"},"canonical":"https:\/\/viatasicantec.ro\/en\/te-ai-abonat\/","og_locale":"en_US","og_type":"article","og_title":"Te-ai abonat - via\u021b\u0103 \u0219i c\u00e2ntec","og_description":"Da, te-am ad\u0103ugat \u00een lista noastr\u0103 de emailuri pentru noile articole. Vei auzi ve\u0219ti de la noi \u00een cur\u00e2nd.","og_url":"https:\/\/viatasicantec.ro\/en\/te-ai-abonat\/","og_site_name":"via\u021b\u0103 \u0219i c\u00e2ntec","og_image":[{"url":"https:\/\/viatasicantec.ro\/wp-content\/uploads\/2020\/05\/noi-pt-mailul-de-bun-venit-3-1-1024x683.jpg","type":"","width":"","height":""}],"schema":{"@context":"https:\/\/schema.org","@graph":[{"@type":"WebPage","@id":"https:\/\/viatasicantec.ro\/te-ai-abonat\/","url":"https:\/\/viatasicantec.ro\/te-ai-abonat\/","name":"Te-ai abonat - via\u021b\u0103 \u0219i c\u00e2ntec","isPartOf":{"@id":"https:\/\/viatasicantec.ro\/en\/#website"},"primaryImageOfPage":{"@id":"https:\/\/viatasicantec.ro\/te-ai-abonat\/#primaryimage"},"image":{"@id":"https:\/\/viatasicantec.ro\/te-ai-abonat\/#primaryimage"},"thumbnailUrl":"https:\/\/viatasicantec.ro\/wp-content\/uploads\/2020\/05\/noi-pt-mailul-de-bun-venit-3-1-1024x683.jpg","datePublished":"2020-05-22T18:22:12+00:00","breadcrumb":{"@id":"https:\/\/viatasicantec.ro\/te-ai-abonat\/#breadcrumb"},"inLanguage":"en-US","potentialAction":[{"@type":"ReadAction","target":["https:\/\/viatasicantec.ro\/te-ai-abonat\/"]}]},{"@type":"ImageObject","inLanguage":"en-US","@id":"https:\/\/viatasicantec.ro\/te-ai-abonat\/#primaryimage","url":"https:\/\/viatasicantec.ro\/wp-content\/uploads\/2020\/05\/noi-pt-mailul-de-bun-venit-3-1-1024x683.jpg","contentUrl":"https:\/\/viatasicantec.ro\/wp-content\/uploads\/2020\/05\/noi-pt-mailul-de-bun-venit-3-1-1024x683.jpg"},{"@type":"BreadcrumbList","@id":"https:\/\/viatasicantec.ro\/te-ai-abonat\/#breadcrumb","itemListElement":[{"@type":"ListItem","position":1,"name":"Prima pagin\u0103","item":"https:\/\/viatasicantec.ro\/en\/"},{"@type":"ListItem","position":2,"name":"Te-ai abonat"}]},{"@type":"WebSite","@id":"https:\/\/viatasicantec.ro\/en\/#website","url":"https:\/\/viatasicantec.ro\/en\/","name":"via\u021b\u0103 \u0219i c\u00e2ntec","description":"for big and small, for mind and soul\u2026 for life and song","publisher":{"@id":"https:\/\/viatasicantec.ro\/en\/#\/schema\/person\/72d895d541821c6ab63cf21ed672d70a"},"potentialAction":[{"@type":"SearchAction","target":{"@type":"EntryPoint","urlTemplate":"https:\/\/viatasicantec.ro\/en\/?s={search_term_string}"},"query-input":{"@type":"PropertyValueSpecification","valueRequired":true,"valueName":"search_term_string"}}],"inLanguage":"en-US"},{"@type":["Person","Organization"],"@id":"https:\/\/viatasicantec.ro\/en\/#\/schema\/person\/72d895d541821c6ab63cf21ed672d70a","name":"Oana","image":{"@type":"ImageObject","inLanguage":"en-US","@id":"https:\/\/i2.wp.com\/viatasicantec.ro\/wp-content\/uploads\/2020\/05\/iconita-1.png?fit=1063%2C1063&ssl=1","url":"https:\/\/i2.wp.com\/viatasicantec.ro\/wp-content\/uploads\/2020\/05\/iconita-1.png?fit=1063%2C1063&ssl=1","contentUrl":"https:\/\/i2.wp.com\/viatasicantec.ro\/wp-content\/uploads\/2020\/05\/iconita-1.png?fit=1063%2C1063&ssl=1","width":1063,"height":1063,"caption":"Oana"},"logo":{"@id":"https:\/\/i2.wp.com\/viatasicantec.ro\/wp-content\/uploads\/2020\/05\/iconita-1.png?fit=1063%2C1063&ssl=1"}}]}},"jetpack_sharing_enabled":true,"jetpack-related-posts":[{"id":1035,"url":"https:\/\/viatasicantec.ro\/en\/bine-ai-venit\/","url_meta":{"origin":1056,"position":0},"title":"Bine ai venit!","author":"via\u021b\u0103 \u0219i c\u00e2ntec","date":"22 May 2020","format":false,"excerpt":"Te-ai abonat la: toate articolele. Da, te-am ad\u0103ugat \u00een lista noastr\u0103 de emailuri. Vei auzi ve\u0219ti de la noi \u00een cur\u00e2nd.","rel":"","context":"Similar post","block_context":{"text":"Similar post","link":""},"img":{"alt_text":"","src":"https:\/\/i0.wp.com\/viatasicantec.ro\/wp-content\/uploads\/2020\/05\/noi-pt-mailul-de-bun-venit-3-1.jpg?resize=350%2C200&ssl=1","width":350,"height":200,"srcset":"https:\/\/i0.wp.com\/viatasicantec.ro\/wp-content\/uploads\/2020\/05\/noi-pt-mailul-de-bun-venit-3-1.jpg?resize=350%2C200&ssl=1 1x, https:\/\/i0.wp.com\/viatasicantec.ro\/wp-content\/uploads\/2020\/05\/noi-pt-mailul-de-bun-venit-3-1.jpg?resize=525%2C300&ssl=1 1.5x, https:\/\/i0.wp.com\/viatasicantec.ro\/wp-content\/uploads\/2020\/05\/noi-pt-mailul-de-bun-venit-3-1.jpg?resize=700%2C400&ssl=1 2x, https:\/\/i0.wp.com\/viatasicantec.ro\/wp-content\/uploads\/2020\/05\/noi-pt-mailul-de-bun-venit-3-1.jpg?resize=1050%2C600&ssl=1 3x, https:\/\/i0.wp.com\/viatasicantec.ro\/wp-content\/uploads\/2020\/05\/noi-pt-mailul-de-bun-venit-3-1.jpg?resize=1400%2C800&ssl=1 4x"},"classes":[]},{"id":3,"url":"https:\/\/viatasicantec.ro\/en\/politica-de-confidentialitate\/","url_meta":{"origin":1056,"position":1},"title":"Politic\u0103 de confiden\u021bialitate","author":"via\u021b\u0103 \u0219i c\u00e2ntec","date":"5 May 2020","format":false,"excerpt":"[:ro] Cine suntem Adresa blogului este: https:\/\/viatasicantec.ro., operat de Oana Draghicescu. Ce date personale colect\u0103m \u0219i de ce le colect\u0103m Comentarii C\u00e2nd vizitatorii las\u0103 comentarii pe blog, colect\u0103m datele ar\u0103tate \u00een formularele de comentarii, dar \u0219i adresa IP a vizitatorului \u0219i \u0219irul agen\u021bilor utilizator din navigator pentru a ne ajuta\u2026","rel":"","context":"Similar post","block_context":{"text":"Similar post","link":""},"img":{"alt_text":"","src":"","width":0,"height":0},"classes":[]},{"id":867,"url":"https:\/\/viatasicantec.ro\/en\/doarpentrutine\/","url_meta":{"origin":1056,"position":2},"title":"just for you","author":"Oana","date":"18 May 2020","format":false,"excerpt":"[:en] You've probably wondered what it can be just for you, haven't you? Well, we were thinking of wishing you \"Happy Birthday!\" for your birthday, in the most original form possible for us, just for you! For this we need you to tell us when is your birthday, what is\u2026","rel":"","context":"With 3 comments","block_context":{"text":"With 3 comments","link":"https:\/\/viatasicantec.ro\/en\/doarpentrutine\/#comments"},"img":{"alt_text":"","src":"https:\/\/i0.wp.com\/viatasicantec.ro\/wp-content\/uploads\/2020\/05\/Untitled-scaled.jpg?resize=350%2C200&ssl=1","width":350,"height":200,"srcset":"https:\/\/i0.wp.com\/viatasicantec.ro\/wp-content\/uploads\/2020\/05\/Untitled-scaled.jpg?resize=350%2C200&ssl=1 1x, https:\/\/i0.wp.com\/viatasicantec.ro\/wp-content\/uploads\/2020\/05\/Untitled-scaled.jpg?resize=525%2C300&ssl=1 1.5x, https:\/\/i0.wp.com\/viatasicantec.ro\/wp-content\/uploads\/2020\/05\/Untitled-scaled.jpg?resize=700%2C400&ssl=1 2x, https:\/\/i0.wp.com\/viatasicantec.ro\/wp-content\/uploads\/2020\/05\/Untitled-scaled.jpg?resize=1050%2C600&ssl=1 3x, https:\/\/i0.wp.com\/viatasicantec.ro\/wp-content\/uploads\/2020\/05\/Untitled-scaled.jpg?resize=1400%2C800&ssl=1 4x"},"classes":[]},{"id":2309,"url":"https:\/\/viatasicantec.ro\/en\/who-are-we\/","url_meta":{"origin":1056,"position":3},"title":"Who are we?!","author":"Oana","date":"14 July 2020","format":false,"excerpt":"[:en] Oana, 32 I live in an eternal antithesis, with a dreamy heart and a realistic, organized mind. Nothing seems more beautiful to me than the colors of God's world, in all its shades and shapes\u2026\u2026 the red poppies of May, the curly yellow of kid curls running towards me,\u2026","rel":"","context":"Similar post","block_context":{"text":"Similar post","link":""},"img":{"alt_text":"Oana profile picture","src":"https:\/\/i0.wp.com\/viatasicantec.ro\/wp-content\/uploads\/2020\/05\/oana-profil-6.jpg?resize=350%2C200&ssl=1","width":350,"height":200,"srcset":"https:\/\/i0.wp.com\/viatasicantec.ro\/wp-content\/uploads\/2020\/05\/oana-profil-6.jpg?resize=350%2C200&ssl=1 1x, https:\/\/i0.wp.com\/viatasicantec.ro\/wp-content\/uploads\/2020\/05\/oana-profil-6.jpg?resize=525%2C300&ssl=1 1.5x, https:\/\/i0.wp.com\/viatasicantec.ro\/wp-content\/uploads\/2020\/05\/oana-profil-6.jpg?resize=700%2C400&ssl=1 2x"},"classes":[]},{"id":799,"url":"https:\/\/viatasicantec.ro\/en\/cine-suntem-noi\/","url_meta":{"origin":1056,"position":4},"title":"Who we are?!","author":"Oana","date":"18 May 2020","format":false,"excerpt":"[:ro] Oana, 33 Tr\u0103iesc \u00eentr-o ve\u0219nic\u0103 antitez\u0103, cu o inim\u0103 vis\u0103toare \u0219i o minte realist\u0103, organizat\u0103. Nimic nu mi se pare mai frumos dec\u00e2t culorile lumii lui Dumnezeu, \u00een toate nuan\u021bele \u0219i formele ei...\u2026ro\u0219ul macilor de mai, galbenul c\u00e2rlion\u021bat al buclelor de copil alerg\u00e2nd \u00eenspre mine, albastru cerului senin al\u2026","rel":"","context":"With 1 comment","block_context":{"text":"With 1 comment","link":"https:\/\/viatasicantec.ro\/en\/cine-suntem-noi\/#comments"},"img":{"alt_text":"Oana profile picture","src":"https:\/\/i0.wp.com\/viatasicantec.ro\/wp-content\/uploads\/2020\/05\/oana-profil-6.jpg?resize=350%2C200&ssl=1","width":350,"height":200,"srcset":"https:\/\/i0.wp.com\/viatasicantec.ro\/wp-content\/uploads\/2020\/05\/oana-profil-6.jpg?resize=350%2C200&ssl=1 1x, https:\/\/i0.wp.com\/viatasicantec.ro\/wp-content\/uploads\/2020\/05\/oana-profil-6.jpg?resize=525%2C300&ssl=1 1.5x, https:\/\/i0.wp.com\/viatasicantec.ro\/wp-content\/uploads\/2020\/05\/oana-profil-6.jpg?resize=700%2C400&ssl=1 2x"},"classes":[]}],"_links":{"self":[{"href":"https:\/\/viatasicantec.ro\/en\/wp-json\/wp\/v2\/pages\/1056","targetHints":{"allow":["GET"]}}],"collection":[{"href":"https:\/\/viatasicantec.ro\/en\/wp-json\/wp\/v2\/pages"}],"about":[{"href":"https:\/\/viatasicantec.ro\/en\/wp-json\/wp\/v2\/types\/page"}],"author":[{"embeddable":true,"href":"https:\/\/viatasicantec.ro\/en\/wp-json\/wp\/v2\/users\/1"}],"replies":[{"embeddable":true,"href":"https:\/\/viatasicantec.ro\/en\/wp-json\/wp\/v2\/comments?post=1056"}],"version-history":[{"count":1,"href":"https:\/\/viatasicantec.ro\/en\/wp-json\/wp\/v2\/pages\/1056\/revisions"}],"predecessor-version":[{"id":1057,"href":"https:\/\/viatasicantec.ro\/en\/wp-json\/wp\/v2\/pages\/1056\/revisions\/1057"}],"wp:attachment":[{"href":"https:\/\/viatasicantec.ro\/en\/wp-json\/wp\/v2\/media?parent=1056"}],"curies":[{"name":"wp","href":"https:\/\/api.w.org\/{rel}","templated":true}]}}